{"id":514,"date":"2021-08-31T13:31:27","date_gmt":"2021-08-31T17:31:27","guid":{"rendered":"https:\/\/betterhomesottawa.ca\/toits-verts\/"},"modified":"2021-08-31T13:32:16","modified_gmt":"2021-08-31T17:32:16","slug":"toits-verts","status":"publish","type":"page","link":"https:\/\/betterhomesottawa.ca\/fr\/evaluations-residentielles-modernisations-et-renovations-energetiques\/repertoire-des-modernisations\/toits-verts\/","title":{"rendered":"Toits verts"},"content":{"rendered":"\n<p>Les toits verts sont v\u00e9g\u00e9talis\u00e9s: ils favorisent la croissance de la v\u00e9g\u00e9tation et sont constitu\u00e9s d\u2019une membrane imperm\u00e9able, d\u2019une couche drainante, d\u2019un milieu de croissance organique (sol) et de v\u00e9g\u00e9taux.<\/p>\n\n<p>Les toits v\u00e9g\u00e9talis\u00e9s captent les eaux de pluie, am\u00e9liorent la qualit\u00e9 de l\u2019air et cr\u00e9ent des habitats pour les pollinisateurs, les oiseaux et d\u2019autres repr\u00e9sentants de la faune. Ils permettent eux aussi d\u2019isoler votre maison en \u00e9t\u00e9 et de r\u00e9duire g\u00e9n\u00e9ralement la temp\u00e9rature \u00e0 Ottawa.<\/p>\n\n<h3 class=\"wp-block-heading\"><strong>Ce qu\u2019il faut faire<\/strong><\/h3>\n\n<p>Les toitures vertes appartiennent g\u00e9n\u00e9ralement \u00e0 trois classifications : les toitures extensives, semi-extensives ou intensives. C\u2019est votre budget, votre objectif et la capacit\u00e9 structurelle de votre b\u00e2timent qui permet de savoir quel type de toit vert vous devez s\u00e9lectionner.<\/p>\n\n<ul class=\"wp-block-list\"><li>Communiquez avec plusieurs professionnels de la construction des toits verts pour vous conseiller et obtenir des prix.<\/li><li>\u00c9vitez d\u2019endommager votre toit et votre maison en vous assurant qu\u2019on n\u2019installe pas de plantes connues pour leurs syst\u00e8mes racinaires invasifs.<\/li><\/ul>\n\n<h3 class=\"wp-block-heading\"><strong>Ce qu\u2019il faut surveiller<\/strong><\/h3>\n\n<ul class=\"wp-block-list\"><li>Les toits \u00e0 surface plate se pr\u00eatent mieux \u00e0 l\u2019installation d\u2019un toit vert; or, en consacrant un peu plus d\u2019effort \u00e0 la planification, on peut installer un toit vert sur une toiture en pente.<\/li><li>Assurez-vous que votre habitation est structurellement \u00e0 m\u00eame de supporter un toit vert. Faites appel \u00e0 un ing\u00e9nieur en structure ou \u00e0 un professionnel de la construction de toit vert pour savoir s\u2019il faut proc\u00e9der \u00e0 une \u00e9valuation structurelle.<\/li><li>Les toits verts r\u00e9clament des soins et de l\u2019entretien, un peu comme l\u2019am\u00e9nagement paysager des abords de votre habitation. Vous devez au moins pr\u00e9voir du temps pour le d\u00e9sherbage au printemps et \u00e0 l\u2019automne et pour l\u2019arrosage pendant les p\u00e9riodes de s\u00e9cheresse prolong\u00e9es.<\/li><\/ul>\n\n<h3 class=\"wp-block-heading\"><strong>Co\u00fbt<\/strong><\/h3>\n\n<hr class=\"wp-block-separator is-style-bh-separator\"\/>\n","protected":false},"excerpt":{"rendered":"<p>Les toits verts sont v\u00e9g\u00e9talis\u00e9s: ils favorisent la croissance de la [&hellip;]<\/p>\n","protected":false},"author":3,"featured_media":0,"parent":1733,"menu_order":27,"comment_status":"closed","ping_status":"closed","template":"","meta":{"_acf_changed":false,"inline_featured_image":false,"footnotes":""},"tags":[28],"class_list":["post-514","page","type-page","status-publish","hentry","tag-autres-renovations"],"acf":[],"_links":{"self":[{"href":"https:\/\/betterhomesottawa.ca\/fr\/wp-json\/wp\/v2\/pages\/514","targetHints":{"allow":["GET"]}}],"collection":[{"href":"https:\/\/betterhomesottawa.ca\/fr\/wp-json\/wp\/v2\/pages"}],"about":[{"href":"https:\/\/betterhomesottawa.ca\/fr\/wp-json\/wp\/v2\/types\/page"}],"author":[{"embeddable":true,"href":"https:\/\/betterhomesottawa.ca\/fr\/wp-json\/wp\/v2\/users\/3"}],"replies":[{"embeddable":true,"href":"https:\/\/betterhomesottawa.ca\/fr\/wp-json\/wp\/v2\/comments?post=514"}],"version-history":[{"count":0,"href":"https:\/\/betterhomesottawa.ca\/fr\/wp-json\/wp\/v2\/pages\/514\/revisions"}],"up":[{"embeddable":true,"href":"https:\/\/betterhomesottawa.ca\/fr\/wp-json\/wp\/v2\/pages\/1733"}],"wp:attachment":[{"href":"https:\/\/betterhomesottawa.ca\/fr\/wp-json\/wp\/v2\/media?parent=514"}],"wp:term":[{"taxonomy":"post_tag","embeddable":true,"href":"https:\/\/betterhomesottawa.ca\/fr\/wp-json\/wp\/v2\/tags?post=514"}],"curies":[{"name":"wp","href":"https:\/\/api.w.org\/{rel}","templated":true}]}}