{"id":518,"date":"2021-08-31T13:36:10","date_gmt":"2021-08-31T17:36:10","guid":{"rendered":"https:\/\/betterhomesottawa.ca\/toits-blancs\/"},"modified":"2021-08-31T13:36:39","modified_gmt":"2021-08-31T17:36:39","slug":"toits-blancs","status":"publish","type":"page","link":"https:\/\/betterhomesottawa.ca\/fr\/evaluations-residentielles-modernisations-et-renovations-energetiques\/repertoire-des-modernisations\/toits-blancs\/","title":{"rendered":"Toits blancs"},"content":{"rendered":"\n<p>Les toits blancs r\u00e9fl\u00e9chissent les rayons du soleil et r\u00e9duisent l\u2019accumulation de la chaleur gr\u00e2ce \u00e0 des produits de toiture de couleur p\u00e2le ou tr\u00e8s r\u00e9fl\u00e9chissants comme les rev\u00eatements, les nouvelles membranes ou les bardeaux.<\/p>\n\n<p>Au Canada, la plupart des toits sont de couleur fonc\u00e9e et absorbent la chaleur des rayons du soleil pour la transf\u00e9rer dans les pi\u00e8ces de l\u2019habitation. Parce que les toits blancs r\u00e9fl\u00e9chissent mieux l\u2019\u00e9nergie solaire, la chaleur transf\u00e9r\u00e9e dans votre habitation est moindre. C\u2019est pourquoi vous n\u2019avez pas \u00e0 vous servir autant de votre climatiseur, ce qui vous permet d\u2019\u00e9conomiser l\u2019\u00e9nergie et de r\u00e9duire les \u00e9missions de gaz \u00e0 effet de serre. Un toit blanc augmente aussi la dur\u00e9e utile de votre toiture, puisqu\u2019il r\u00e9fl\u00e9chit la chaleur et les rayons UV qui endommagent et font vieillir les mat\u00e9riaux de la toiture.<\/p>\n\n<p>Dans les zones de grande densit\u00e9, les toits de couleur fonc\u00e9e aggravent aussi l\u2019effet d\u2019\u00eelot thermique urbain, soit les temp\u00e9ratures nettement plus chaudes dans les zones urbaines par rapport aux zones rurales. En raison du changement climatique, on s\u2019attend \u00e0 ce qu\u2019Ottawa connaisse une hausse spectaculaire du nombre de jours de tr\u00e8s grande canicule en raison du r\u00e9chauffement plan\u00e9taire continu. L\u2019installation d\u2019un toit blanc est un moyen de compenser cette hausse.<\/p>\n\n<p>Il existe diff\u00e9rentes options de toit blanc pour tous les types de toiture, dont les toits \u00e0 pente raide (toitures inclin\u00e9es) et les toits \u00e0 pente faible (toits plats). On soumet \u00e0 des essais la r\u00e9flectivit\u00e9 des produits de toiture et on leur attribue, d\u2019apr\u00e8s l\u2019indice de r\u00e9flexion solaire (IRS), une valeur comprise entre 0-100. Plus cette valeur est \u00e9lev\u00e9e, plus le toit est r\u00e9fl\u00e9chissant.<\/p>\n\n<p>Voici les options qui s\u2019offrent \u00e0 vous si vous voulez convertir un toit existant en toit blanc:<\/p>\n\n<ul class=\"wp-block-list\"><li>r\u00e9am\u00e9nager votre toit existant : posez un rev\u00eatement imperm\u00e9able, qui a des propri\u00e9t\u00e9s r\u00e9fl\u00e9chissantes;<\/li><li>remplacer votre toit existant : faites poser un nouveau toit blanc en faisant appel \u00e0 un produit de toiture r\u00e9fl\u00e9chissant.<\/li><\/ul>\n\n<h3 class=\"wp-block-heading\"><strong>Ce qu\u2019il faut surveiller<\/strong><\/h3>\n\n<ul class=\"wp-block-list\"><li>toit \u00e0 pente faible ou plat : privil\u00e9giez les produits de toiture blanche dont la valeur selon l\u2019IRS est d\u2019au moins 78. Les membranes synth\u00e9tiques monocouches, les pierres blanches pour toitures min\u00e9rales, les graviers blancs en calcite, les membranes \u00e0 application liquide ou un rev\u00eatement de peinture blanche r\u00e9fl\u00e9chissante font partie des options.<\/li><li>Toit \u00e0 pente raide ou toit en pente : privil\u00e9giez les produits de toiture blanche dont la valeur selon l\u2019IRS est d\u2019au moins 25. Les bardeaux d\u2019asphalte, le m\u00e9tal, les tuiles et les bardeaux de fente, entre autres, font partie des options.<\/li><li>Produits dont l\u2019\u00e9mittance ou l\u2019\u00e9missivit\u00e9 thermique est sup\u00e9rieure ou \u00e9gale \u00e0 0,9.<\/li><li>Produits constitu\u00e9s de compos\u00e9s organiques volatils (COV) sans amiante ni mercure et sans \u00e9mission, de m\u00eame que sans substances appauvrissant la couche d\u2019ozone.<\/li><li>Vous pouvez consulter le r\u00e9pertoire du Cool Roof Rating Council pour conna\u00eetre les produits de toiture blanche offerts sur le march\u00e9.<\/li><\/ul>\n\n<h3 class=\"wp-block-heading\">Ce qu\u2019il faut faire<\/h3>\n\n<ul class=\"wp-block-list\"><li>Posez un toit blanc quand vous devez faire remplacer votre toit, puisqu\u2019il n\u2019est pas \u00e9conomique de convertir un toit standard en bon \u00e9tat pour am\u00e9nager une toiture blanche.<\/li><li>Si vous n\u2019\u00eates pas pr\u00eat \u00e0 faire remplacer toute votre toiture, pensez \u00e0 poser un rev\u00eatement de toit blanc.<\/li><li>Comme tous les toits, vous devez faire \u00e9valuer l\u2019\u00e9tat de votre toit blanc chaque ann\u00e9e et le faire nettoyer (au besoin) pour en pr\u00e9server la r\u00e9flectivit\u00e9.<\/li><\/ul>\n\n<h3 class=\"wp-block-heading\"><strong>Co\u00fbt<\/strong><\/h3>\n\n<hr class=\"wp-block-separator is-style-bh-separator\"\/>\n","protected":false},"excerpt":{"rendered":"<p>Les toits blancs r\u00e9fl\u00e9chissent les rayons du soleil et r\u00e9duisent l\u2019accumulation [&hellip;]<\/p>\n","protected":false},"author":3,"featured_media":0,"parent":1733,"menu_order":26,"comment_status":"closed","ping_status":"closed","template":"","meta":{"_acf_changed":false,"inline_featured_image":false,"footnotes":""},"tags":[28],"class_list":["post-518","page","type-page","status-publish","hentry","tag-autres-renovations"],"acf":[],"_links":{"self":[{"href":"https:\/\/betterhomesottawa.ca\/fr\/wp-json\/wp\/v2\/pages\/518","targetHints":{"allow":["GET"]}}],"collection":[{"href":"https:\/\/betterhomesottawa.ca\/fr\/wp-json\/wp\/v2\/pages"}],"about":[{"href":"https:\/\/betterhomesottawa.ca\/fr\/wp-json\/wp\/v2\/types\/page"}],"author":[{"embeddable":true,"href":"https:\/\/betterhomesottawa.ca\/fr\/wp-json\/wp\/v2\/users\/3"}],"replies":[{"embeddable":true,"href":"https:\/\/betterhomesottawa.ca\/fr\/wp-json\/wp\/v2\/comments?post=518"}],"version-history":[{"count":0,"href":"https:\/\/betterhomesottawa.ca\/fr\/wp-json\/wp\/v2\/pages\/518\/revisions"}],"up":[{"embeddable":true,"href":"https:\/\/betterhomesottawa.ca\/fr\/wp-json\/wp\/v2\/pages\/1733"}],"wp:attachment":[{"href":"https:\/\/betterhomesottawa.ca\/fr\/wp-json\/wp\/v2\/media?parent=518"}],"wp:term":[{"taxonomy":"post_tag","embeddable":true,"href":"https:\/\/betterhomesottawa.ca\/fr\/wp-json\/wp\/v2\/tags?post=518"}],"curies":[{"name":"wp","href":"https:\/\/api.w.org\/{rel}","templated":true}]}}