{"id":522,"date":"2021-08-31T13:41:20","date_gmt":"2021-08-31T17:41:20","guid":{"rendered":"https:\/\/betterhomesottawa.ca\/chauffe-eau-solaires\/"},"modified":"2021-08-31T13:41:30","modified_gmt":"2021-08-31T17:41:30","slug":"chauffe-eau-solaires","status":"publish","type":"page","link":"https:\/\/betterhomesottawa.ca\/fr\/evaluations-residentielles-modernisations-et-renovations-energetiques\/repertoire-des-modernisations\/chauffe-eau-solaires\/","title":{"rendered":"Chauffe-eau solaires"},"content":{"rendered":"\n<p>Le chauffage de l\u2019eau repr\u00e9sente environ 20 % de la facture d\u2019\u00e9nergie de votre habitation. Les chauffe-eau solaires, aussi appel\u00e9s chauffe-eau solaires domestiques (CESD), font appel \u00e0 l\u2019\u00e9nergie du soleil pour produire l\u2019eau chaude, ce qui abaisse vos factures d\u2019\u00e9nergie et les \u00e9missions de gaz \u00e0 effet de serre de votre habitation.<\/p>\n\n<p>Il existe plusieurs mod\u00e8les de chauffe-eau solaires. Cependant, pour chauffer l\u2019eau toute l\u2019ann\u00e9e dans le climat canadien, il est important de choisir un syst\u00e8me qui peut \u00eatre prot\u00e9g\u00e9 contre le gel. Seuls les syst\u00e8mes prot\u00e9g\u00e9s contre le gel produisent de l\u2019eau chaude quand la temp\u00e9rature baisse en de\u00e7\u00e0 de 0 \u00b0C.<\/p>\n\n<p>Si les chauffe-eau solaires ont une dur\u00e9e utile plus longue que les autres mod\u00e8les, ils sont g\u00e9n\u00e9ralement con\u00e7us pour \u00eatre utilis\u00e9s avec un chauffe-eau d\u2019appoint, \u00e9lectrique ou au gaz. Un mod\u00e8le de chauffe-eau sans r\u00e9servoir (instantan\u00e9) peut servir de chauffe-eau d\u2019appoint.<\/p>\n\n<h3 class=\"wp-block-heading\"><strong>Ce qu\u2019il faut surveiller<\/strong><\/h3>\n\n<ul class=\"wp-block-list\"><li>Un chauffe-eau solaire certifi\u00e9 ENERGY STAR\u00ae consomme 60 % moins d\u2019\u00e9nergie en moyenne qu\u2019un mod\u00e8le standard.<\/li><li>Choisissez un chauffe-eau prot\u00e9g\u00e9 contre le gel pour pouvoir vous en servir toute l\u2019ann\u00e9e.<\/li><li>Assurez-vous d\u2019acheter un r\u00e9servoir dont la taille est adapt\u00e9e au nombre de personnes qui font partie de votre m\u00e9nage.<\/li><\/ul>\n\n<h3 class=\"wp-block-heading\"><strong>Ce qu\u2019il faut faire<\/strong><\/h3>\n\n<ul class=\"wp-block-list\"><li>Faites appel \u00e0 un entrepreneur comp\u00e9tent dans les syst\u00e8mes thermiques solaires pour installer votre chauffe-eau, puisqu\u2019il doit avoir l\u2019exp\u00e9rience de l\u2019\u00e9lectricit\u00e9, de la plomberie et de la menuiserie. Les chauffe-eau solaires doivent \u00eatre install\u00e9s conform\u00e9ment aux normes de la CSA.<\/li><li>Les chauffe-eau solaires ont presque toujours besoin d\u2019un syst\u00e8me d\u2019appoint quand le temps est nuageux et que la demande est sup\u00e9rieure.<\/li><li>Si vous avez une piscine chauff\u00e9e, les syst\u00e8mes solaires permettent de r\u00e9duire consid\u00e9rablement vos factures d\u2019\u00e9lectricit\u00e9 et de r\u00e9aliser encore plus d\u2019\u00e9conomies.<\/li><li>Pensez \u00e0 faire \u00e9valuer votre habitation afin de conna\u00eetre votre consommation d\u2019\u00e9nergie et tous les points \u00e0 am\u00e9liorer.<\/li><li>Consultez votre municipalit\u00e9, l\u2019entreprise de gaz ou d\u2019\u00e9lectricit\u00e9 ou le d\u00e9taillant pour savoir si des rabais sont offerts.<\/li><\/ul>\n\n<h3 class=\"wp-block-heading\"><strong>Co\u00fbt<\/strong><\/h3>\n\n<p>Le co\u00fbt est compris entre 6 000 $ et 10 000 $, en tenant compte de l\u2019installation.<\/p>\n\n<p>Source: <a href=\"https:\/\/www.rncan.gc.ca\/efficacite-energetique\/efficacite-energetique-maisons\/20547\"><strong>Ressources naturelles Canada.<\/strong><\/a><\/p>\n\n<hr class=\"wp-block-separator is-style-bh-separator\"\/>\n","protected":false},"excerpt":{"rendered":"<p>Le chauffage de l\u2019eau repr\u00e9sente environ 20 % de la facture [&hellip;]<\/p>\n","protected":false},"author":3,"featured_media":0,"parent":1733,"menu_order":23,"comment_status":"closed","ping_status":"closed","template":"","meta":{"_acf_changed":false,"inline_featured_image":false,"footnotes":""},"tags":[23],"class_list":["post-522","page","type-page","status-publish","hentry","tag-technologies-renouvelables-et-intelligentes"],"acf":[],"_links":{"self":[{"href":"https:\/\/betterhomesottawa.ca\/fr\/wp-json\/wp\/v2\/pages\/522","targetHints":{"allow":["GET"]}}],"collection":[{"href":"https:\/\/betterhomesottawa.ca\/fr\/wp-json\/wp\/v2\/pages"}],"about":[{"href":"https:\/\/betterhomesottawa.ca\/fr\/wp-json\/wp\/v2\/types\/page"}],"author":[{"embeddable":true,"href":"https:\/\/betterhomesottawa.ca\/fr\/wp-json\/wp\/v2\/users\/3"}],"replies":[{"embeddable":true,"href":"https:\/\/betterhomesottawa.ca\/fr\/wp-json\/wp\/v2\/comments?post=522"}],"version-history":[{"count":0,"href":"https:\/\/betterhomesottawa.ca\/fr\/wp-json\/wp\/v2\/pages\/522\/revisions"}],"up":[{"embeddable":true,"href":"https:\/\/betterhomesottawa.ca\/fr\/wp-json\/wp\/v2\/pages\/1733"}],"wp:attachment":[{"href":"https:\/\/betterhomesottawa.ca\/fr\/wp-json\/wp\/v2\/media?parent=522"}],"wp:term":[{"taxonomy":"post_tag","embeddable":true,"href":"https:\/\/betterhomesottawa.ca\/fr\/wp-json\/wp\/v2\/tags?post=522"}],"curies":[{"name":"wp","href":"https:\/\/api.w.org\/{rel}","templated":true}]}}