{"id":526,"date":"2021-08-31T13:46:38","date_gmt":"2021-08-31T17:46:38","guid":{"rendered":"https:\/\/betterhomesottawa.ca\/chauffe-eau-reservoir-de-stockage\/"},"modified":"2021-08-31T13:46:39","modified_gmt":"2021-08-31T17:46:39","slug":"chauffe-eau-reservoir-de-stockage","status":"publish","type":"page","link":"https:\/\/betterhomesottawa.ca\/fr\/evaluations-residentielles-modernisations-et-renovations-energetiques\/repertoire-des-modernisations\/chauffe-eau-reservoir-de-stockage\/","title":{"rendered":"Chauffe-eau &#8211; R\u00e9servoir de stockage"},"content":{"rendered":"\n<p>Les chauffe-eau repr\u00e9sentent environ 20 % de la facture d\u2019\u00e9nergie de votre habitation.<\/p>\n\n<p>Les chauffe-eau dot\u00e9s d\u2019un r\u00e9servoir sont les plus courants dans les maisons au Canada. Or, ce ne sont pas les plus \u00e9conomes d\u2019\u00e9nergie. On se sert de l\u2019\u00e9lectricit\u00e9, du gaz ou du mazout pour chauffer l\u2019eau emmagasin\u00e9e dans le r\u00e9servoir et pour l\u2019acheminer au besoin jusqu\u2019aux installations et aux \u00e9lectrom\u00e9nagers de l\u2019habitation. Les r\u00e9servoirs emmagasinent g\u00e9n\u00e9ralement entre 113 et 378 litres d\u2019eau, qui est constamment r\u00e9chauff\u00e9e et qui reste chaude 24 heures sur 24.<\/p>\n\n<h3 class=\"wp-block-heading\"><strong>Ce qu\u2019il faut surveiller<\/strong><\/h3>\n\n<ul class=\"wp-block-list\"><li>Les mod\u00e8les certifi\u00e9s ENERGY STAR\u00ae consomment 14 % moins d\u2019\u00e9nergie en moyenne que les autres mod\u00e8les de r\u00e9servoirs.<\/li><li>Choisissez un chauffe-eau dont la capacit\u00e9 est adapt\u00e9e \u00e0 votre habitation et \u00e0 votre famille.<\/li><\/ul>\n\n<h3 class=\"wp-block-heading\"><strong>Ce qu\u2019il faut faire<\/strong><\/h3>\n\n<ul class=\"wp-block-list\"><li>Pour am\u00e9liorer le rendement, isolez les tuyaux d\u2019eau chaude et d\u2019eau froide \u00e0 moins de 2 \u00e0 3 m\u00e8tres du chauffe-eau et abaissez la temp\u00e9rature de l\u2019eau sur votre thermostat. La plupart des chauffe-eau sont r\u00e9gl\u00e9s \u00e0 60 \u00b0C; pensez plut\u00f4t \u00e0 le r\u00e9gler \u00e0 48 \u00b0C.<\/li><li>Pour un rendement optimal, pensez \u00e0 acheter un chauffe-eau sans r\u00e9servoir qui chauffe l\u2019eau uniquement lorsque vous en avez besoin, ou encore un chauffe-eau solaire.<\/li><li>Avant d\u2019acheter un chauffe-eau, consultez votre municipalit\u00e9 ou le d\u00e9taillant pour savoir si des rabais sont offerts.<\/li><\/ul>\n\n<h3 class=\"wp-block-heading\"><strong>Co\u00fbt<\/strong><\/h3>\n\n<p>Le co\u00fbt est compris entre 800 $ et 1 500 $, auquel il faut ajouter les frais d\u2019installation.<\/p>\n\n<p>Source: <a href=\"https:\/\/www.rncan.gc.ca\/efficacite-energetique\/efficacite-energetique-maisons\/20547\"><strong>Ressources naturelles Canada.<\/strong><\/a><\/p>\n\n<hr class=\"wp-block-separator is-style-bh-separator\"\/>\n","protected":false},"excerpt":{"rendered":"<p>Les chauffe-eau repr\u00e9sentent environ 20 % de la facture d\u2019\u00e9nergie de [&hellip;]<\/p>\n","protected":false},"author":3,"featured_media":0,"parent":1733,"menu_order":11,"comment_status":"closed","ping_status":"closed","template":"","meta":{"_acf_changed":false,"inline_featured_image":false,"footnotes":""},"tags":[26],"class_list":["post-526","page","type-page","status-publish","hentry","tag-chauffage-et-climatisation"],"acf":[],"_links":{"self":[{"href":"https:\/\/betterhomesottawa.ca\/fr\/wp-json\/wp\/v2\/pages\/526","targetHints":{"allow":["GET"]}}],"collection":[{"href":"https:\/\/betterhomesottawa.ca\/fr\/wp-json\/wp\/v2\/pages"}],"about":[{"href":"https:\/\/betterhomesottawa.ca\/fr\/wp-json\/wp\/v2\/types\/page"}],"author":[{"embeddable":true,"href":"https:\/\/betterhomesottawa.ca\/fr\/wp-json\/wp\/v2\/users\/3"}],"replies":[{"embeddable":true,"href":"https:\/\/betterhomesottawa.ca\/fr\/wp-json\/wp\/v2\/comments?post=526"}],"version-history":[{"count":0,"href":"https:\/\/betterhomesottawa.ca\/fr\/wp-json\/wp\/v2\/pages\/526\/revisions"}],"up":[{"embeddable":true,"href":"https:\/\/betterhomesottawa.ca\/fr\/wp-json\/wp\/v2\/pages\/1733"}],"wp:attachment":[{"href":"https:\/\/betterhomesottawa.ca\/fr\/wp-json\/wp\/v2\/media?parent=526"}],"wp:term":[{"taxonomy":"post_tag","embeddable":true,"href":"https:\/\/betterhomesottawa.ca\/fr\/wp-json\/wp\/v2\/tags?post=526"}],"curies":[{"name":"wp","href":"https:\/\/api.w.org\/{rel}","templated":true}]}}