{"id":530,"date":"2021-08-31T13:49:53","date_gmt":"2021-08-31T17:49:53","guid":{"rendered":"https:\/\/betterhomesottawa.ca\/chauffe-eau-sans-reservoir\/"},"modified":"2021-08-31T13:49:54","modified_gmt":"2021-08-31T17:49:54","slug":"chauffe-eau-sans-reservoir","status":"publish","type":"page","link":"https:\/\/betterhomesottawa.ca\/fr\/evaluations-residentielles-modernisations-et-renovations-energetiques\/repertoire-des-modernisations\/chauffe-eau-sans-reservoir\/","title":{"rendered":"Chauffe-eau sans r\u00e9servoir"},"content":{"rendered":"\n<p>Le chauffe-eau repr\u00e9sente environ 20 % de la d\u00e9pense d\u2019\u00e9nergie de votre habitation. Les chauffe-eau sans r\u00e9servoir chauffent l\u2019eau lorsqu\u2019elle coule, et uniquement quand on en a besoin, en faisant appel \u00e0 un \u00e9l\u00e9ment \u00e9lectrique ou \u00e0 un br\u00fbleur \u00e0 gaz. Ce mod\u00e8le de chauffe-eau produit de l\u2019eau chaude sans fin, et gr\u00e2ce \u00e0 la fonction qui permet de produire de l\u2019eau chaude instantan\u00e9ment, vous ne payez que des frais de chauffage de l\u2019eau que vous consommez, au lieu de payer pour garder un r\u00e9servoir chauff\u00e9 24 heures sur 24 et 365 jours par an.<\/p>\n\n<h3 class=\"wp-block-heading\"><strong>Ce qu\u2019il faut surveiller<\/strong><\/h3>\n\n<ul class=\"wp-block-list\"><li>Les chauffe-eau sans r\u00e9servoir certifi\u00e9s ENERGY STAR\u00ae consomment en moyenne 30 % moins d\u2019\u00e9nergie que les chauffe-eau dot\u00e9s d\u2019un r\u00e9servoir.<\/li><li>Pensez \u00e0 acheter un mod\u00e8le dont le taux de rendement est d\u2019au moins 80 %.<\/li><li>Achetez le mod\u00e8le adapt\u00e9 \u00e0 vos besoins. Consultez un plombier d\u2019exp\u00e9rience pour estimer la demande en eau chaude de votre habitation.<\/li><\/ul>\n\n<h3 class=\"wp-block-heading\"><strong>Ce qu\u2019il faut faire<\/strong><\/h3>\n\n<ul class=\"wp-block-list\"><li>Les chauffe-eau sans r\u00e9servoir sont plus \u00e9conomiques que les chauffe-eau dot\u00e9s d\u2019un r\u00e9servoir; toutefois, le prix d\u2019achat et les frais d\u2019installation sont plus \u00e9lev\u00e9s.<\/li><li>Faites appel \u00e0 un technicien certifi\u00e9 en CVC pour installer le chauffe-eau et avoir droit \u00e0 toutes les garanties.<\/li><li>Les chauffe-eau sans r\u00e9servoir permettent de gagner de la place. Les chauffe-eau mont\u00e9s au mur peuvent \u00eatre install\u00e9s sur presque n\u2019importe quel mur, y compris les murs proches du point d\u2019utilisation.<\/li><li>Confiez \u00e0 un professionnel comp\u00e9tent l\u2019entretien de votre chauffe-eau chaque ann\u00e9e ou tous les deux ans. Consultez votre manuel d\u2019entretien pour conna\u00eetre les d\u00e9tails.<\/li><li>Avant d\u2019acheter un chauffe-eau, consultez votre municipalit\u00e9 ou le d\u00e9taillant pour savoir si des rabais sont offerts.<\/li><\/ul>\n\n<h3 class=\"wp-block-heading\"><strong>Co\u00fbt<\/strong><\/h3>\n\n<p>Le co\u00fbt est compris entre 1 000 $ et 2 800 $.<\/p>\n\n<p>Source: <a href=\"https:\/\/www.rncan.gc.ca\/efficacite-energetique\/efficacite-energetique-maisons\/20547\"><strong>Ressources naturelles Canada.<\/strong><\/a><\/p>\n\n<hr class=\"wp-block-separator is-style-bh-separator\"\/>\n","protected":false},"excerpt":{"rendered":"<p>Le chauffe-eau repr\u00e9sente environ 20 % de la d\u00e9pense d\u2019\u00e9nergie de [&hellip;]<\/p>\n","protected":false},"author":3,"featured_media":0,"parent":1733,"menu_order":12,"comment_status":"closed","ping_status":"closed","template":"","meta":{"_acf_changed":false,"inline_featured_image":false,"footnotes":""},"tags":[26],"class_list":["post-530","page","type-page","status-publish","hentry","tag-chauffage-et-climatisation"],"acf":[],"_links":{"self":[{"href":"https:\/\/betterhomesottawa.ca\/fr\/wp-json\/wp\/v2\/pages\/530","targetHints":{"allow":["GET"]}}],"collection":[{"href":"https:\/\/betterhomesottawa.ca\/fr\/wp-json\/wp\/v2\/pages"}],"about":[{"href":"https:\/\/betterhomesottawa.ca\/fr\/wp-json\/wp\/v2\/types\/page"}],"author":[{"embeddable":true,"href":"https:\/\/betterhomesottawa.ca\/fr\/wp-json\/wp\/v2\/users\/3"}],"replies":[{"embeddable":true,"href":"https:\/\/betterhomesottawa.ca\/fr\/wp-json\/wp\/v2\/comments?post=530"}],"version-history":[{"count":0,"href":"https:\/\/betterhomesottawa.ca\/fr\/wp-json\/wp\/v2\/pages\/530\/revisions"}],"up":[{"embeddable":true,"href":"https:\/\/betterhomesottawa.ca\/fr\/wp-json\/wp\/v2\/pages\/1733"}],"wp:attachment":[{"href":"https:\/\/betterhomesottawa.ca\/fr\/wp-json\/wp\/v2\/media?parent=530"}],"wp:term":[{"taxonomy":"post_tag","embeddable":true,"href":"https:\/\/betterhomesottawa.ca\/fr\/wp-json\/wp\/v2\/tags?post=530"}],"curies":[{"name":"wp","href":"https:\/\/api.w.org\/{rel}","templated":true}]}}