{"id":532,"date":"2021-08-31T13:54:08","date_gmt":"2021-08-31T17:54:08","guid":{"rendered":"https:\/\/betterhomesottawa.ca\/couvercles-des-murettes-dencadrement\/"},"modified":"2021-08-31T13:54:27","modified_gmt":"2021-08-31T17:54:27","slug":"couvercles-des-murettes-dencadrement","status":"publish","type":"page","link":"https:\/\/betterhomesottawa.ca\/fr\/evaluations-residentielles-modernisations-et-renovations-energetiques\/repertoire-des-modernisations\/couvercles-des-murettes-dencadrement\/","title":{"rendered":"Couvercles des murettes d\u2019encadrement"},"content":{"rendered":"\n<p>Les sous-sols sont de plus en plus souvent inond\u00e9s \u00e0 Ottawa. Le sous-sol de chaque habitation risque d\u2019\u00eatre inond\u00e9, m\u00eame s\u2019il n\u2019y a pas eu d\u2019inondation auparavant. Il est tr\u00e8s probable que votre sous-sol soit inond\u00e9 lorsqu\u2019il pleut abondamment ou que la neige et la glace fondent. Or, vous pouvez prendre des mesures pour r\u00e9duire ou pr\u00e9venir les inondations.<\/p>\n\n<p>Les murettes d\u2019encadrement des soupiraux sont les produits en plastique ou en m\u00e9tal qui encadrent les fen\u00eatres des sous-sols afin de cr\u00e9er un vide entre les fen\u00eatres et le sol, ce qui permet \u00e0 la lumi\u00e8re du soleil d\u2019entrer dans la pi\u00e8ce ou de cr\u00e9er un point de sortie de secours dans le sous-sol. Ces murettes doivent \u00eatre bien drain\u00e9es et \u00eatre nettoy\u00e9es \u00e0 intervalles r\u00e9guliers pour \u00e9viter que l\u2019eau s\u2019y accumule. Les couvercles des murettes permettent d\u2019\u00e9viter l\u2019accumulation des d\u00e9bris dans le vide et de r\u00e9duire l\u2019accumulation de l\u2019eau dans les murettes qui se drainent lentement.<\/p>\n\n<h3 class=\"wp-block-heading\"><strong>Ce qu\u2019il faut surveiller<\/strong><\/h3>\n\n<ul class=\"wp-block-list\"><li>Les couvercles des murettes d\u2019encadrement sur mesure offrent un meilleur rendement.<\/li><li>Les couvercles durables en plastique polycarbonate des murettes d\u2019encadrement des soupiraux sont moins faciles \u00e0 endommager et n\u2019ont pas \u00e0 \u00eatre remplac\u00e9s aussi fr\u00e9quemment que les autres mod\u00e8les.<\/li><li>Les couvercles \u00e0 charni\u00e8res sont n\u00e9cessaires si les fen\u00eatres servent de sortie de secours.<\/li><li>Il faut les installer \u00e0 une hauteur d\u2019au moins 10 cm \u00e0 15 cm au-dessus du sol.<\/li><\/ul>\n\n<h3 class=\"wp-block-heading\"><strong>Ce qu\u2019il faut faire<\/strong><\/h3>\n\n<ul class=\"wp-block-list\"><li>Les couvercles des murettes d\u2019encadrement des soupiraux ne sont pas destin\u00e9s \u00e0 remplacer un bon syst\u00e8me de drainage des soupiraux install\u00e9s par un professionnel.<\/li><li>Pr\u00e9voyez d\u2019autres dispositifs, dans les alentours de votre habitation, pour pr\u00e9venir l\u2019inondation de votre sous-sol, notamment en installant une pompe de puisard ou un clapet antiretour et en d\u00e9branchant vos descentes pluviales.<\/li><\/ul>\n\n<h3 class=\"wp-block-heading\"><strong>Co\u00fbt<\/strong><\/h3>\n\n<p>Le co\u00fbt est compris entre 50 $ et 1 000 $.<\/p>\n\n<hr class=\"wp-block-separator is-style-bh-separator\"\/>\n","protected":false},"excerpt":{"rendered":"<p>Les sous-sols sont de plus en plus souvent inond\u00e9s \u00e0 Ottawa. [&hellip;]<\/p>\n","protected":false},"author":3,"featured_media":0,"parent":1733,"menu_order":30,"comment_status":"closed","ping_status":"closed","template":"","meta":{"_acf_changed":false,"inline_featured_image":false,"footnotes":""},"tags":[28],"class_list":["post-532","page","type-page","status-publish","hentry","tag-autres-renovations"],"acf":[],"_links":{"self":[{"href":"https:\/\/betterhomesottawa.ca\/fr\/wp-json\/wp\/v2\/pages\/532","targetHints":{"allow":["GET"]}}],"collection":[{"href":"https:\/\/betterhomesottawa.ca\/fr\/wp-json\/wp\/v2\/pages"}],"about":[{"href":"https:\/\/betterhomesottawa.ca\/fr\/wp-json\/wp\/v2\/types\/page"}],"author":[{"embeddable":true,"href":"https:\/\/betterhomesottawa.ca\/fr\/wp-json\/wp\/v2\/users\/3"}],"replies":[{"embeddable":true,"href":"https:\/\/betterhomesottawa.ca\/fr\/wp-json\/wp\/v2\/comments?post=532"}],"version-history":[{"count":0,"href":"https:\/\/betterhomesottawa.ca\/fr\/wp-json\/wp\/v2\/pages\/532\/revisions"}],"up":[{"embeddable":true,"href":"https:\/\/betterhomesottawa.ca\/fr\/wp-json\/wp\/v2\/pages\/1733"}],"wp:attachment":[{"href":"https:\/\/betterhomesottawa.ca\/fr\/wp-json\/wp\/v2\/media?parent=532"}],"wp:term":[{"taxonomy":"post_tag","embeddable":true,"href":"https:\/\/betterhomesottawa.ca\/fr\/wp-json\/wp\/v2\/tags?post=532"}],"curies":[{"name":"wp","href":"https:\/\/api.w.org\/{rel}","templated":true}]}}