{"id":536,"date":"2021-08-31T13:58:29","date_gmt":"2021-08-31T17:58:29","guid":{"rendered":"https:\/\/betterhomesottawa.ca\/fenetres\/"},"modified":"2021-08-31T13:58:29","modified_gmt":"2021-08-31T17:58:29","slug":"fenetres","status":"publish","type":"page","link":"https:\/\/betterhomesottawa.ca\/fr\/evaluations-residentielles-modernisations-et-renovations-energetiques\/repertoire-des-modernisations\/fenetres\/","title":{"rendered":"Fen\u00eatres"},"content":{"rendered":"\n<p>La chaleur augment\u00e9e ou perdue \u00e0 cause de fen\u00eatres peu performantes a pour effet d\u2019augmenter de 25 % \u00e0 30 % l\u2019\u00e9nergie consomm\u00e9e pour chauffer et climatiser votre habitation.<\/p>\n\n<p>Les fen\u00eatres \u00e9conomes d\u2019\u00e9nergie:<\/p>\n\n<ul class=\"wp-block-list\"><li>sont dot\u00e9es d\u2019un rev\u00eatement sp\u00e9cial (le rev\u00eatement \u00e0 faible \u00e9missivit\u00e9 ou le \u00ab verre \u00e0 faible \u00e9missivit\u00e9 \u00bb) et de cadres et de ch\u00e2ssis isol\u00e9s qui r\u00e9duisent le transfert du froid venant de l\u2019ext\u00e9rieur et la condensation sur le verre;<\/li><li>ont plus de vitrage (carreaux de verre) pour mieux r\u00e9duire le bruit de l\u2019ext\u00e9rieur et permettre de r\u00e9aliser de meilleures \u00e9conomies d\u2019\u00e9nergie;<\/li><li>sont dot\u00e9es, entre les carreaux, de poches de gaz inerte, et non simplement d\u2019air, pour assurer une meilleure isolation;<\/li><li>portent une \u00e9tiquette indiquant o\u00f9 le mod\u00e8le est certifi\u00e9 pour pouvoir \u00eatre utilis\u00e9 au Canada.<\/li><\/ul>\n\n<h3 class=\"wp-block-heading\"><strong>Ce qu\u2019il faut surveiller<\/strong><\/h3>\n\n<ul class=\"wp-block-list\"><li>Le faible coefficient U. La valeur U est un indicateur de la valeur d\u2019isolation de la fen\u00eatre. Privil\u00e9giez les fen\u00eatres dont la valeur U est comprise entre 0,25 et 1,25; la valeur U de 0,25 est pr\u00e9f\u00e9rable.<\/li><li>Achetez des fen\u00eatres certifi\u00e9es pour \u00eatre install\u00e9es au Canada. Dans ce pays, toutes les fen\u00eatres doivent comprendre un vitrage double, soit deux \u00e9paisseurs de verre.<\/li><li>Les fen\u00eatres dot\u00e9es d\u2019un meilleur vitrage (carreaux de verre) et de verre \u00e0 faible \u00e9missivit\u00e9 sont les plus performantes.<\/li><li>Les fen\u00eatres \u00e0 battants (vantaux, auvents, soufflets et fen\u00eatres oscillobattantes) sont plus \u00e9tanches \u00e0 l\u2019air que les fen\u00eatres coulissantes.<\/li><\/ul>\n\n<h3 class=\"wp-block-heading\"><strong>Ce qu\u2019il faut faire<\/strong><\/h3>\n\n<ul class=\"wp-block-list\"><li>Achetez des fen\u00eatres certifi\u00e9es ENERGY STAR\u00ae.<\/li><li>Les fen\u00eatres qui ne s\u2019ouvrent pas sont plus \u00e9conomes d\u2019\u00e9nergie; toutefois, les \u00e9tages dot\u00e9s de chambres \u00e0 coucher ont besoin d\u2019au moins une fen\u00eatre qui s\u2019ouvre pour servir de sortie de secours.<\/li><li>Le cadre de la fen\u00eatre influe sur le coefficient d\u2019isolation, la force, l\u2019entretien et la long\u00e9vit\u00e9 de la fen\u00eatre. Les cadres en bois et en fibre de verre sont les plus \u00e9conomiques.<\/li><li>Faites appel \u00e0 des installateurs comp\u00e9tents pour vous assurer que vos fen\u00eatres et vos puits de lumi\u00e8re offriront le meilleur rendement.<\/li><li>Les mod\u00e8les de fen\u00eatres et les garanties varient selon les fournisseurs. Comparez avant d\u2019acheter.<\/li><li>Pensez \u00e0 installer des fen\u00eatres \u00e0 coefficient d\u2019isolation \u00e9lev\u00e9 pour les c\u00f4t\u00e9s est et nord de votre habitation afin de r\u00e9duire les pertes thermiques.<\/li><li>Pensez \u00e0 faire \u00e9valuer votre habitation afin de conna\u00eetre votre consommation d\u2019\u00e9nergie et tous les points \u00e0 am\u00e9liorer.<\/li><li>Consultez votre municipalit\u00e9, l\u2019entreprise de gaz ou d\u2019\u00e9lectricit\u00e9 ou le d\u00e9taillant pour savoir si des rabais sont offerts.<\/li><\/ul>\n\n<h3 class=\"wp-block-heading\"><strong>Co\u00fbt<\/strong><\/h3>\n\n<p>Le co\u00fbt est compris entre 300 $ et 700 $ ou plus par fen\u00eatre, sans compter les frais d\u2019installation.<\/p>\n\n<p>Source: <a href=\"https:\/\/www.rncan.gc.ca\/efficacite-energetique\/efficacite-energetique-maisons\/20547\"><strong>Ressources naturelles Canada.<\/strong><\/a><\/p>\n\n<hr class=\"wp-block-separator is-style-bh-separator\"\/>\n","protected":false},"excerpt":{"rendered":"<p>La chaleur augment\u00e9e ou perdue \u00e0 cause de fen\u00eatres peu performantes [&hellip;]<\/p>\n","protected":false},"author":3,"featured_media":0,"parent":1733,"menu_order":18,"comment_status":"closed","ping_status":"closed","template":"","meta":{"_acf_changed":false,"inline_featured_image":false,"footnotes":""},"tags":[27],"class_list":["post-536","page","type-page","status-publish","hentry","tag-enveloppe-du-batiment"],"acf":[],"_links":{"self":[{"href":"https:\/\/betterhomesottawa.ca\/fr\/wp-json\/wp\/v2\/pages\/536","targetHints":{"allow":["GET"]}}],"collection":[{"href":"https:\/\/betterhomesottawa.ca\/fr\/wp-json\/wp\/v2\/pages"}],"about":[{"href":"https:\/\/betterhomesottawa.ca\/fr\/wp-json\/wp\/v2\/types\/page"}],"author":[{"embeddable":true,"href":"https:\/\/betterhomesottawa.ca\/fr\/wp-json\/wp\/v2\/users\/3"}],"replies":[{"embeddable":true,"href":"https:\/\/betterhomesottawa.ca\/fr\/wp-json\/wp\/v2\/comments?post=536"}],"version-history":[{"count":0,"href":"https:\/\/betterhomesottawa.ca\/fr\/wp-json\/wp\/v2\/pages\/536\/revisions"}],"up":[{"embeddable":true,"href":"https:\/\/betterhomesottawa.ca\/fr\/wp-json\/wp\/v2\/pages\/1733"}],"wp:attachment":[{"href":"https:\/\/betterhomesottawa.ca\/fr\/wp-json\/wp\/v2\/media?parent=536"}],"wp:term":[{"taxonomy":"post_tag","embeddable":true,"href":"https:\/\/betterhomesottawa.ca\/fr\/wp-json\/wp\/v2\/tags?post=536"}],"curies":[{"name":"wp","href":"https:\/\/api.w.org\/{rel}","templated":true}]}}