{"id":538,"date":"2021-08-31T14:11:25","date_gmt":"2021-08-31T18:11:25","guid":{"rendered":"https:\/\/betterhomesottawa.ca\/habitations-a-consommation-nette-de-zero\/"},"modified":"2021-08-31T14:11:26","modified_gmt":"2021-08-31T18:11:26","slug":"habitations-a-consommation-nette-de-zero","status":"publish","type":"page","link":"https:\/\/betterhomesottawa.ca\/fr\/habitations-a-consommation-nette-de-zero\/","title":{"rendered":"Habitations \u00e0 consommation nette de z\u00e9ro"},"content":{"rendered":"\n<p>Les habitations \u00e0 consommation nette de z\u00e9ro sont dot\u00e9es de moyens permettant de produire autant d\u2019\u00e9nergie que ce que consomment les m\u00e9nages dans une ann\u00e9e. G\u00e9n\u00e9ralement, la consommation \u00e9nerg\u00e9tique est faible, et ces habitations sont parfois 80 % plus \u00e9conomes d\u2019\u00e9nergie que les habitations construites selon les normes traditionnelles. <\/p>\n\n<p>Pour atteindre la cible nette de z\u00e9ro, les habitations doivent \u00eatre \u00e9tanches et consommer de l\u2019\u00e9nergie renouvelable, par exemple celle qui est produite par les panneaux solaires ou stock\u00e9e dans les batteries. Ces habitations maintiennent une temp\u00e9rature uniforme confortable, ont un minimum de courants d\u2019air et doivent \u00eatre dot\u00e9es de filtres pour assurer la propret\u00e9 de l\u2019air ambiant. Elles sont donc exceptionnellement \u00e9conomes d\u2019\u00e9nergie, saines et confortables. <\/p>\n\n<p>Les habitations \u00e0 consommation nette de z\u00e9ro peuvent \u00eatre dot\u00e9es: <\/p>\n\n<ul class=\"wp-block-list\"><li>de thermopompes \u00e0 air pour r\u00e9chauffer et climatiser l\u2019air ambiant; <\/li><li>d\u2019une pompe g\u00e9othermique, pour r\u00e9chauffer et climatiser l\u2019air ambiant; <\/li><\/ul>\n\n<ul class=\"wp-block-list\"><li>de panneaux solaires, qui alimentent l\u2019\u00e9clairage, le chauffage et la climatisation, en plus de produire de l\u2019eau chaude et d\u2019\u00e9lectrifier les \u00e9lectrom\u00e9nagers; <\/li><li>d\u2019appareils et de syst\u00e8mes (CVC) tr\u00e8s performants, qui r\u00e9duisent la consommation de l\u2019\u00e9nergie; <\/li><li>d\u2019une enveloppe de b\u00e2timent tr\u00e8s performante : les murs ext\u00e9rieurs, les fondations et le grenier sont \u00e9tanches et bien isol\u00e9s; <\/li><li>d\u2019un \u00e9changeur de chaleur passif : l\u2019habitation est orient\u00e9e pour profiter du soleil. <\/li><\/ul>\n\n<p><strong>Les avantages des habitations \u00e0 consommation \u00e9nerg\u00e9tique nette de z\u00e9ro<\/strong> <\/p>\n\n<p>En plus d\u2019apporter votre concours dans la r\u00e9duction des \u00e9missions de gaz \u00e0 effet de serre d\u2019Ottawa et de participer \u00e0 l\u2019urgence climatique, vous pouvez, gr\u00e2ce \u00e0 une habitation \u00e0 consommation \u00e9nerg\u00e9tique nette de z\u00e9ro: <\/p>\n\n<ul class=\"wp-block-list\"><li>r\u00e9duire pendant des ann\u00e9es vos factures de gaz et d\u2019\u00e9lectricit\u00e9; <\/li><li>mieux vous prot\u00e9ger contre les chocs m\u00e9t\u00e9orologiques, les pannes de courant et la hausse des co\u00fbts de l\u2019\u00e9nergie; <\/li><li>\u00eatre plus confortable gr\u00e2ce \u00e0 des syst\u00e8mes sup\u00e9rieurs de chauffage, de climatisation et de ventilation; <\/li><li>vivre dans un milieu plus sain gr\u00e2ce \u00e0 un syst\u00e8me de filtration de l\u2019air frais qui am\u00e9liore la qualit\u00e9 de l\u2019air et qui r\u00e9duit les allerg\u00e8nes; <\/li><\/ul>\n\n<ul class=\"wp-block-list\"><li>r\u00e9duire l\u2019impact du quotidien des occupants sur le climat et sur l\u2019environnement. <\/li><\/ul>\n\n<p><strong>Les habitations \u00e0 consommation \u00e9nerg\u00e9tique nette de z\u00e9ro et les habitations passives<\/strong> <\/p>\n\n<p>L\u2019habitation passive est consid\u00e9r\u00e9e comme la norme d\u2019\u00e9conomie de l\u2019\u00e9nergie la plus rigoureuse, volontaire et performante pour les habitations. Ces habitations sont parfaitement adapt\u00e9es pour devenir des habitations \u00e0 consommation \u00e9nerg\u00e9tique nette de z\u00e9ro, puisque leur faible consommation d\u2019\u00e9nergie est plus facile \u00e0 compenser gr\u00e2ce \u00e0 des moyens de production qui permettent d\u2019atteindre la cible \u00ab nette de z\u00e9ro \u00bb. Pour en savoir plus, veuillez consulter la norme <a href=\"https:\/\/betterhomesottawa.ca\/fr\" target=\"_blank\" rel=\"noreferrer noopener\"><strong>Maison passive<\/strong><\/a>. <\/p>\n\n<p>Source : <a href=\"https:\/\/www.chba.ca\/CHBA\/BuyingNew\/Net-Zero-Homes.aspx\/\" target=\"_blank\" rel=\"noreferrer noopener\"><strong>Canadian Home Builders\u2019 Association<\/strong><\/a> et <a href=\"https:\/\/www.rncan.gc.ca\/efficacite-energetique\/efficacite-energetique-maisons\/20547\" target=\"_blank\" rel=\"noreferrer noopener\"><strong>Ressources naturelles Canada<\/strong><\/a>. <\/p>\n\n<p><strong>Autres liens:<\/strong> <\/p>\n\n<p><a href=\"https:\/\/www.youtube.com\/watch?v=qAJIandP5c0&amp;ab_channel=GreenEnergyFutures\" target=\"_blank\" rel=\"noreferrer noopener\"><strong>Consommation nette de z\u00e9ro : vid\u00e9o de Green Energy Futures<\/strong><\/a> <\/p>\n\n<p><a href=\"https:\/\/www.attainablehome.com\/net-zero-vs-passive-house-what-are-the-similarities-and-differences\/\" target=\"_blank\" rel=\"noreferrer noopener\"><strong>Les habitations \u00e0 consommation nette de z\u00e9ro et les habitations passives<\/strong><\/a> <\/p>\n\n<p><a href=\"https:\/\/saveonenergy.ca\/For-Your-Home\/Advice-and-Tips\/Net-zero-homes\">https:\/\/saveonenergy.ca\/For-Your-Home\/Advice-and-Tips\/Net-zero-homes<\/a><\/p>\n","protected":false},"excerpt":{"rendered":"<p>Les habitations \u00e0 consommation nette de z\u00e9ro sont dot\u00e9es de moyens [&hellip;]<\/p>\n","protected":false},"author":3,"featured_media":728,"parent":0,"menu_order":0,"comment_status":"closed","ping_status":"closed","template":"","meta":{"_acf_changed":false,"inline_featured_image":false,"footnotes":""},"tags":[30],"class_list":["post-538","page","type-page","status-publish","has-post-thumbnail","hentry","tag-maisons-nettes-zero"],"acf":[],"_links":{"self":[{"href":"https:\/\/betterhomesottawa.ca\/fr\/wp-json\/wp\/v2\/pages\/538","targetHints":{"allow":["GET"]}}],"collection":[{"href":"https:\/\/betterhomesottawa.ca\/fr\/wp-json\/wp\/v2\/pages"}],"about":[{"href":"https:\/\/betterhomesottawa.ca\/fr\/wp-json\/wp\/v2\/types\/page"}],"author":[{"embeddable":true,"href":"https:\/\/betterhomesottawa.ca\/fr\/wp-json\/wp\/v2\/users\/3"}],"replies":[{"embeddable":true,"href":"https:\/\/betterhomesottawa.ca\/fr\/wp-json\/wp\/v2\/comments?post=538"}],"version-history":[{"count":0,"href":"https:\/\/betterhomesottawa.ca\/fr\/wp-json\/wp\/v2\/pages\/538\/revisions"}],"wp:featuredmedia":[{"embeddable":true,"href":"https:\/\/betterhomesottawa.ca\/fr\/wp-json\/wp\/v2\/media\/728"}],"wp:attachment":[{"href":"https:\/\/betterhomesottawa.ca\/fr\/wp-json\/wp\/v2\/media?parent=538"}],"wp:term":[{"taxonomy":"post_tag","embeddable":true,"href":"https:\/\/betterhomesottawa.ca\/fr\/wp-json\/wp\/v2\/tags?post=538"}],"curies":[{"name":"wp","href":"https:\/\/api.w.org\/{rel}","templated":true}]}}