{"id":567,"date":"2021-08-05T14:22:37","date_gmt":"2021-08-05T18:22:37","guid":{"rendered":"https:\/\/betterhomesottawa.ca\/rebates-incentives-financing\/"},"modified":"2025-04-10T17:33:20","modified_gmt":"2025-04-10T21:33:20","slug":"programmes-de-rabais-et-incitatifs","status":"publish","type":"page","link":"https:\/\/betterhomesottawa.ca\/fr\/programmes-de-rabais-et-incitatifs\/","title":{"rendered":"Programmes de rabais et incitatifs"},"content":{"rendered":"\n<h2 class=\"wp-block-heading\">Le Programme de pr\u00eats pour la mise en valeur des habitations d\u2019Ottawa<\/h2>\n\n\n\n<p>Dans le cadre d\u2019un projet pilote, la Ville m\u00e8ne un programme de pr\u00eats pour financer les travaux de modernisation \u00e9co\u00e9nerg\u00e9tique des habitations afin d\u2019aider les r\u00e9sidents de la localit\u00e9 \u00e0 r\u00e9duire leur consommation d\u2019\u00e9nergie et leurs \u00e9missions de gaz \u00e0 effet de serre. <a href=\"https:\/\/betterhomesottawa.ca\/fr\/programmes-de-rabais-et-incitatifs\/le-programme-de-prets-pour-la-mise-en-valeur-des-habitations-dottawa\/\">En savoir plus<\/a><a href=\"https:\/\/betterhomesottawa.ca\/rebates-incentives-financing\/greener-homes\/\">.<\/a><\/p>\n\n\n\n<h2 class=\"wp-block-heading\">SCHL Eco Plus<\/h2>\n\n\n\n<p>Demandez un remboursement partiel de prime de 25 % si la SCHL assure votre pr\u00eat et que vous achetez ou construisez une habitation \u00e9co\u00e9nerg\u00e9tique. <a href=\"https:\/\/www.cmhc-schl.gc.ca\/consommateurs\/acheter-une-maison\/assurance-pret-hypothecaire-pour-les-consommateurs\/eco-produits-cmhc\/schl-eco-plus\">En savoir plus<\/a>.<\/p>\n\n\n\n<h2 class=\"wp-block-heading\">Programme de remises r\u00e8novations maison<\/h2>\n\n\n\n<p>Enbridge Gas et Save on Energy, avec le soutien du gouvernement de l\u2019Ontario, ont lanc\u00e9 le nouveau programme <strong>\u00c9conomies sur les r\u00e9novations domiciliairesMC<\/strong> pour aider les Ontariennes et Ontariens \u00e0 am\u00e9liorer l\u2019efficacit\u00e9 \u00e9nerg\u00e9tique et le confort de leur maison. <a href=\"https:\/\/www.homerenovationsavings.ca\/\">En savoir plus<\/a>.<\/p>\n\n\n\n<h2 class=\"wp-block-heading\">Programme de protection de votre habitation contre les intemp\u00e9ries de l\u2019hiver<\/h2>\n\n\n\n<p>Les clients d\u2019Enbridge Gas admissibles selon leur revenu qui vivent dans une habitation construite avant 1980 peuvent rendre leur logement plus confortable et faire des \u00e9conomies d\u2019\u00e9nergie sans d\u00e9bourser un sou gr\u00e2ce au Programme de protection de votre habitation contre les intemp\u00e9ries de l\u2019hiver. <a href=\"https:\/\/www.enbridgegas.com\/ontario\/rebates-energy-conservation\/home-winterproofing-program\">En savoir plus<\/a>.<\/p>\n\n\n\n<p class=\"has-text-align-center\"><strong>Vous ne savez pas quelles incitations vous conviennent le mieux?<\/strong><\/p>\n\n\n\n<div class=\"wp-block-buttons is-content-justification-center is-layout-flex wp-container-core-buttons-is-layout-1 wp-block-buttons-is-layout-flex\">\n<div class=\"wp-block-button\"><a class=\"wp-block-button__link wp-element-button\" href=\"https:\/\/betterhomesottawa.ca\/fr\/a-la-recherche-des-programmes-dincitation-et-de-financement\/\">En savoir plus<\/a><\/div>\n<\/div>\n","protected":false},"excerpt":{"rendered":"<p>Le Programme de pr\u00eats pour la mise en valeur des habitations [&hellip;]<\/p>\n","protected":false},"author":3,"featured_media":0,"parent":0,"menu_order":0,"comment_status":"closed","ping_status":"closed","template":"","meta":{"_acf_changed":false,"inline_featured_image":false,"footnotes":""},"tags":[24],"class_list":["post-567","page","type-page","status-publish","hentry","tag-rabais-incitatifs-et-financement"],"acf":[],"_links":{"self":[{"href":"https:\/\/betterhomesottawa.ca\/fr\/wp-json\/wp\/v2\/pages\/567","targetHints":{"allow":["GET"]}}],"collection":[{"href":"https:\/\/betterhomesottawa.ca\/fr\/wp-json\/wp\/v2\/pages"}],"about":[{"href":"https:\/\/betterhomesottawa.ca\/fr\/wp-json\/wp\/v2\/types\/page"}],"author":[{"embeddable":true,"href":"https:\/\/betterhomesottawa.ca\/fr\/wp-json\/wp\/v2\/users\/3"}],"replies":[{"embeddable":true,"href":"https:\/\/betterhomesottawa.ca\/fr\/wp-json\/wp\/v2\/comments?post=567"}],"version-history":[{"count":6,"href":"https:\/\/betterhomesottawa.ca\/fr\/wp-json\/wp\/v2\/pages\/567\/revisions"}],"predecessor-version":[{"id":2913,"href":"https:\/\/betterhomesottawa.ca\/fr\/wp-json\/wp\/v2\/pages\/567\/revisions\/2913"}],"wp:attachment":[{"href":"https:\/\/betterhomesottawa.ca\/fr\/wp-json\/wp\/v2\/media?parent=567"}],"wp:term":[{"taxonomy":"post_tag","embeddable":true,"href":"https:\/\/betterhomesottawa.ca\/fr\/wp-json\/wp\/v2\/tags?post=567"}],"curies":[{"name":"wp","href":"https:\/\/api.w.org\/{rel}","templated":true}]}}